{"id":588,"date":"2021-09-23T11:40:45","date_gmt":"2021-09-23T11:40:45","guid":{"rendered":"https:\/\/warayoexpeditions.com\/es\/?page_id=588"},"modified":"2024-12-13T18:26:03","modified_gmt":"2024-12-13T18:26:03","slug":"nosotros","status":"publish","type":"page","link":"https:\/\/warayoexpeditions.com\/es\/nosotros\/","title":{"rendered":"Nosotros"},"content":{"rendered":"<p><div class=\"fusion-fullwidth fullwidth-box fusion-builder-row-1 fusion-flex-container has-pattern-background has-mask-background nonhundred-percent-fullwidth non-hundred-percent-height-scrolling\" style=\"--awb-background-position:left top;--awb-background-repeat:repeat-x;--awb-border-sizes-bottom:0px;--awb-border-radius-top-left:0px;--awb-border-radius-top-right:0px;--awb-border-radius-bottom-right:0px;--awb-border-radius-bottom-left:0px;--awb-margin-top:0px;--awb-margin-bottom:100px;--awb-flex-wrap:wrap;\" ><div class=\"fusion-builder-row fusion-row fusion-flex-align-items-flex-start fusion-flex-content-wrap\" style=\"max-width:1393.6px;margin-left: calc(-4% \/ 2 );margin-right: calc(-4% \/ 2 );\"><div class=\"fusion-layout-column fusion_builder_column fusion-builder-column-0 fusion_builder_column_1_1 1_1 fusion-flex-column\" style=\"--awb-bg-size:cover;--awb-width-large:100%;--awb-margin-top-large:0px;--awb-spacing-right-large:1.92%;--awb-margin-bottom-large:0px;--awb-spacing-left-large:1.92%;--awb-width-medium:100%;--awb-order-medium:0;--awb-spacing-right-medium:1.92%;--awb-spacing-left-medium:1.92%;--awb-width-small:100%;--awb-order-small:0;--awb-spacing-right-small:1.92%;--awb-spacing-left-small:1.92%;\"><div class=\"fusion-column-wrapper fusion-column-has-shadow fusion-flex-justify-content-flex-start fusion-content-layout-column\"><div class=\"fusion-title title fusion-title-1 fusion-no-small-visibility fusion-no-medium-visibility fusion-sep-none fusion-title-center fusion-title-text fusion-title-size-one\" style=\"--awb-text-color:var(--awb-custom_color_10);--awb-margin-top:-10px;--awb-font-size:100px;\"><h1 class=\"fusion-title-heading title-heading-center fusion-responsive-typography-calculated\" style=\"font-family:&quot;Arizonia&quot;;font-style:normal;font-weight:400;margin:0;font-size:1em;--fontSize:100;line-height:1.3;\">Warayo Expeditions<\/h1><\/div><div class=\"fusion-title title fusion-title-2 fusion-no-large-visibility fusion-sep-none fusion-title-center fusion-title-text fusion-title-size-one\" style=\"--awb-text-color:#ff9600;--awb-margin-top:-10px;--awb-font-size:50px;\"><h1 class=\"fusion-title-heading title-heading-center fusion-responsive-typography-calculated\" style=\"font-family:&quot;Arizonia&quot;;font-style:normal;font-weight:400;margin:0;font-size:1em;--fontSize:50;line-height:1.3;\">Warayo Expeditions<\/h1><\/div><div class=\"fusion-title title fusion-title-3 fusion-no-small-visibility fusion-sep-none fusion-title-center fusion-title-text fusion-title-size-four\"><h4 class=\"fusion-title-heading title-heading-center fusion-responsive-typography-calculated\" style=\"margin:0;--fontSize:20;--minFontSize:20;line-height:0.8;\">Eco-Lodge \u2013 Tambopata Peru<\/h4><\/div><div class=\"fusion-builder-row fusion-builder-row-inner fusion-row fusion-flex-align-items-flex-start fusion-flex-content-wrap\" style=\"width:104% !important;max-width:104% !important;margin-left: calc(-4% \/ 2 );margin-right: calc(-4% \/ 2 );\"><div class=\"fusion-layout-column fusion_builder_column_inner fusion-builder-nested-column-0 fusion_builder_column_inner_1_2 1_2 fusion-flex-column\" style=\"--awb-bg-size:cover;--awb-width-large:50%;--awb-margin-top-large:20px;--awb-spacing-right-large:3.84%;--awb-margin-bottom-large:20px;--awb-spacing-left-large:3.84%;--awb-width-medium:50%;--awb-order-medium:0;--awb-spacing-right-medium:3.84%;--awb-spacing-left-medium:3.84%;--awb-width-small:100%;--awb-order-small:0;--awb-spacing-right-small:1.92%;--awb-spacing-left-small:1.92%;\"><div class=\"fusion-column-wrapper fusion-column-has-shadow fusion-flex-justify-content-flex-start fusion-content-layout-column\"><div class=\"fusion-title title fusion-title-4 fusion-sep-none fusion-title-center fusion-title-text fusion-title-size-five\"><h5 class=\"fusion-title-heading title-heading-center fusion-responsive-typography-calculated\" style=\"margin:0;--fontSize:20;--minFontSize:20;line-height:1.4;\"><strong>Por qu\u00e9 elegirnos<\/strong><\/h5><\/div><div class=\"fusion-text fusion-text-1\" style=\"--awb-content-alignment:center;\"><p>Ofrecemos experiencias \u00fanicas a trav\u00e9s de actividades de ecoturismo cultural. Orientado a la conservaci\u00f3n y a difundir nuestra riqueza natural y ancestral combinadas con aventura de bajo impacto en la densa selva amazonica.<\/p>\n<\/div><div class=\"fusion-image-element \" style=\"--awb-margin-top:20px;--awb-caption-title-font-family:var(--h2_typography-font-family);--awb-caption-title-font-weight:var(--h2_typography-font-weight);--awb-caption-title-font-style:var(--h2_typography-font-style);--awb-caption-title-size:var(--h2_typography-font-size);--awb-caption-title-transform:var(--h2_typography-text-transform);--awb-caption-title-line-height:var(--h2_typography-line-height);--awb-caption-title-letter-spacing:var(--h2_typography-letter-spacing);\"><span class=\" fusion-imageframe imageframe-none imageframe-1 hover-type-zoomin\" style=\"border-radius:10px;\"><img decoding=\"async\" width=\"800\" height=\"600\" alt=\"Extreme Sports Biking\" title=\"warayoexpeditions_team\" src=\"https:\/\/warayoexpeditions.com\/es\/wp-content\/uploads\/sites\/4\/2024\/11\/warayoexpeditions_team.jpg\" data-orig-src=\"https:\/\/warayoexpeditions.com\/es\/wp-content\/uploads\/sites\/4\/2024\/11\/warayoexpeditions_team.jpg\" class=\"lazyload img-responsive wp-image-2334\" srcset=\"data:image\/svg+xml,%3Csvg%20xmlns%3D%27http%3A%2F%2Fwww.w3.org%2F2000%2Fsvg%27%20width%3D%27800%27%20height%3D%27600%27%20viewBox%3D%270%200%20800%20600%27%3E%3Crect%20width%3D%27800%27%20height%3D%27600%27%20fill-opacity%3D%220%22%2F%3E%3C%2Fsvg%3E\" data-srcset=\"https:\/\/warayoexpeditions.com\/es\/wp-content\/uploads\/sites\/4\/2024\/11\/warayoexpeditions_team-200x150.jpg 200w, https:\/\/warayoexpeditions.com\/es\/wp-content\/uploads\/sites\/4\/2024\/11\/warayoexpeditions_team-400x300.jpg 400w, https:\/\/warayoexpeditions.com\/es\/wp-content\/uploads\/sites\/4\/2024\/11\/warayoexpeditions_team-600x450.jpg 600w, https:\/\/warayoexpeditions.com\/es\/wp-content\/uploads\/sites\/4\/2024\/11\/warayoexpeditions_team.jpg 800w\" data-sizes=\"auto\" data-orig-sizes=\"(max-width: 768px) 100vw, 800px\" \/><\/span><\/div><\/div><\/div><div class=\"fusion-layout-column fusion_builder_column_inner fusion-builder-nested-column-1 fusion_builder_column_inner_1_2 1_2 fusion-flex-column\" style=\"--awb-bg-size:cover;--awb-width-large:50%;--awb-margin-top-large:20px;--awb-spacing-right-large:3.84%;--awb-margin-bottom-large:20px;--awb-spacing-left-large:3.84%;--awb-width-medium:50%;--awb-order-medium:0;--awb-spacing-right-medium:3.84%;--awb-spacing-left-medium:3.84%;--awb-width-small:100%;--awb-order-small:0;--awb-spacing-right-small:1.92%;--awb-spacing-left-small:1.92%;\"><div class=\"fusion-column-wrapper fusion-column-has-shadow fusion-flex-justify-content-flex-start fusion-content-layout-column\"><div class=\"fusion-image-element \" style=\"--awb-margin-bottom:30px;--awb-caption-title-font-family:var(--h2_typography-font-family);--awb-caption-title-font-weight:var(--h2_typography-font-weight);--awb-caption-title-font-style:var(--h2_typography-font-style);--awb-caption-title-size:var(--h2_typography-font-size);--awb-caption-title-transform:var(--h2_typography-text-transform);--awb-caption-title-line-height:var(--h2_typography-line-height);--awb-caption-title-letter-spacing:var(--h2_typography-letter-spacing);\"><span class=\" fusion-imageframe imageframe-none imageframe-2 hover-type-zoomin\" style=\"border-radius:10px;\"><img decoding=\"async\" width=\"800\" height=\"600\" alt=\"Snowboarding\" title=\"lodgewarayo\" src=\"https:\/\/warayoexpeditions.com\/es\/wp-content\/uploads\/sites\/4\/2024\/11\/lodgewarayo.jpg\" data-orig-src=\"https:\/\/warayoexpeditions.com\/es\/wp-content\/uploads\/sites\/4\/2024\/11\/lodgewarayo.jpg\" class=\"lazyload img-responsive wp-image-2331\" srcset=\"data:image\/svg+xml,%3Csvg%20xmlns%3D%27http%3A%2F%2Fwww.w3.org%2F2000%2Fsvg%27%20width%3D%27800%27%20height%3D%27600%27%20viewBox%3D%270%200%20800%20600%27%3E%3Crect%20width%3D%27800%27%20height%3D%27600%27%20fill-opacity%3D%220%22%2F%3E%3C%2Fsvg%3E\" data-srcset=\"https:\/\/warayoexpeditions.com\/es\/wp-content\/uploads\/sites\/4\/2024\/11\/lodgewarayo-200x150.jpg 200w, https:\/\/warayoexpeditions.com\/es\/wp-content\/uploads\/sites\/4\/2024\/11\/lodgewarayo-400x300.jpg 400w, https:\/\/warayoexpeditions.com\/es\/wp-content\/uploads\/sites\/4\/2024\/11\/lodgewarayo-600x450.jpg 600w, https:\/\/warayoexpeditions.com\/es\/wp-content\/uploads\/sites\/4\/2024\/11\/lodgewarayo.jpg 800w\" data-sizes=\"auto\" data-orig-sizes=\"(max-width: 768px) 100vw, 800px\" \/><\/span><\/div><div class=\"fusion-title title fusion-title-5 fusion-sep-none fusion-title-center fusion-title-text fusion-title-size-five\"><h5 class=\"fusion-title-heading title-heading-center fusion-responsive-typography-calculated\" style=\"margin:0;--fontSize:20;--minFontSize:20;line-height:1.4;\"><p class=\"qodef-st-title\"><strong>Bienvenidos a <em>Warayo Expeditions<\/em> Lodge\u00a0<\/strong><\/p><\/h5><\/div><div class=\"fusion-text fusion-text-2\" style=\"--awb-content-alignment:center;\"><p><span lang=\"FR\">Visita nuestro albergue a orillas del r\u00edo Madre de Dios y descubre la riqueza de su flora y fauna.\u00a0<u><\/u><u><\/u><\/span><span lang=\"FR\">Aut\u00e9ntico confort durante tu estancia en medio de la amazonia y repletas de animales salvajes. Un gran lugar para comenzar tu aventura amaz\u00f3nica, explorando y apreciando las maravillas de la naturaleza.<\/span><\/p>\n<\/div><\/div><\/div><\/div><\/div><\/div><\/div><\/div><div class=\"fusion-fullwidth fullwidth-box fusion-builder-row-2 fusion-flex-container has-pattern-background has-mask-background nonhundred-percent-fullwidth non-hundred-percent-height-scrolling\" style=\"--awb-background-position:left top;--awb-background-repeat:repeat-x;--awb-border-sizes-bottom:0px;--awb-border-radius-top-left:0px;--awb-border-radius-top-right:0px;--awb-border-radius-bottom-right:0px;--awb-border-radius-bottom-left:0px;--awb-margin-top:0px;--awb-margin-bottom:100px;--awb-flex-wrap:wrap;\" ><div class=\"fusion-builder-row fusion-row fusion-flex-align-items-flex-start fusion-flex-justify-content-center fusion-flex-content-wrap\" style=\"max-width:1393.6px;margin-left: calc(-4% \/ 2 );margin-right: calc(-4% \/ 2 );\"><div class=\"fusion-layout-column fusion_builder_column fusion-builder-column-1 fusion_builder_column_4_5 4_5 fusion-flex-column\" style=\"--awb-bg-size:cover;--awb-width-large:80%;--awb-margin-top-large:0px;--awb-spacing-right-large:2.4%;--awb-margin-bottom-large:0px;--awb-spacing-left-large:2.4%;--awb-width-medium:80%;--awb-order-medium:0;--awb-spacing-right-medium:2.4%;--awb-spacing-left-medium:2.4%;--awb-width-small:100%;--awb-order-small:0;--awb-spacing-right-small:1.92%;--awb-spacing-left-small:1.92%;\"><div class=\"fusion-column-wrapper fusion-column-has-shadow fusion-flex-justify-content-flex-start fusion-content-layout-column\"><div class=\"fusion-title title fusion-title-6 fusion-sep-none fusion-title-center fusion-title-text fusion-title-size-one\"><h1 class=\"fusion-title-heading title-heading-center fusion-responsive-typography-calculated\" style=\"margin:0;--fontSize:50;line-height:1.3;\">\u00bfQui\u00e9nes Somos?<\/h1><\/div><div class=\"fusion-text fusion-text-3\" style=\"--awb-content-alignment:justify;\"><p style=\"text-align: center;\">Somos Warayo Lodge &amp; Expeditions, una familia local de Madre de Dios que ama profundamente su tierra y est\u00e1 comprometida con cuidarla. Nuestro sue\u00f1o siempre ha sido compartir la belleza de la Amazon\u00eda con quienes la visitan, ofreciendo experiencias de ecoturismo que permitan conectar con la naturaleza mientras trabajamos juntos por preservarla.<br \/>\nCreemos en proteger nuestro hogar: los ecosistemas y la fauna que hacen de esta regi\u00f3n un lugar \u00fanico en el mundo. Por eso, adoptamos pr\u00e1cticas sostenibles y responsables que minimizan el impacto ambiental y apoyan a las comunidades nativas y locales.<br \/>\nPara nosotros, lo m\u00e1s importante es que quienes nos visitan se sientan parte de esta aventura. Queremos que vivan momentos inolvidables llenos de descubrimientos, aventuras y aprendizajes, siempre con un trato cercano y hospitalario. Cada detalle de lo que hacemos refleja nuestra pasi\u00f3n por la naturaleza y por compartirla con los dem\u00e1s.<br \/>\nEn Warayo Lodge &amp; Expeditions, no solo encontrar\u00e1s un lugar para visitar, sino un espacio para descubrir, aprender y conectar con la verdadera esencia de la Amazon\u00eda. Te invitamos a unirte a nuestra familia, explorar con nosotros y ser parte de este compromiso por un futuro\u00a0sostenible.<\/p>\n<\/div><\/div><\/div><\/div><\/div><div class=\"fusion-bg-parallax\" data-bg-align=\"center center\" data-direction=\"up\" data-mute=\"false\" data-opacity=\"100\" data-velocity=\"-0.3\" data-mobile-enabled=\"false\" data-break_parents=\"0\" data-bg-image=\"https:\/\/warayoexpeditions.com\/es\/wp-content\/uploads\/sites\/4\/2024\/11\/pano_kayacwarayo1.jpg\" data-bg-repeat=\"false\" data-bg-gradient-type=\"linear\" data-bg-gradient-angle=\"180\" data-bg-gradient-start-color=\"rgba(0,0,0,0.1)\" data-bg-gradient-start-position=\"0\" data-bg-gradient-end-color=\"rgba(0,0,0,0.8)\" data-bg-gradient-end-position=\"100\" data-bg-radial-direction=\"center center\" ><\/div><div class=\"fusion-fullwidth fullwidth-box fusion-builder-row-3 fusion-flex-container has-pattern-background has-mask-background fusion-parallax-up hundred-percent-fullwidth non-hundred-percent-height-scrolling lazyload\" style=\"--awb-border-radius-top-left:0px;--awb-border-radius-top-right:0px;--awb-border-radius-bottom-right:0px;--awb-border-radius-bottom-left:0px;--awb-min-height:550px;--awb-background-image:linear-gradient(180deg, rgba(0,0,0,0.1) 0%,rgba(0,0,0,0.8) 100%);;--awb-background-size:cover;--awb-flex-wrap:wrap;\" data-bg=\"https:\/\/warayoexpeditions.com\/es\/wp-content\/uploads\/sites\/4\/2024\/11\/pano_kayacwarayo1.jpg\" data-bg-gradient=\"linear-gradient(180deg, rgba(0,0,0,0.1) 0%,rgba(0,0,0,0.8) 100%)\" ><div class=\"fusion-builder-row fusion-row fusion-flex-align-items-center fusion-flex-justify-content-center fusion-flex-content-wrap\" style=\"width:104% !important;max-width:104% !important;margin-left: calc(-4% \/ 2 );margin-right: calc(-4% \/ 2 );\"><div class=\"fusion-layout-column fusion_builder_column fusion-builder-column-2 fusion-flex-column fusion-column-inner-bg-wrapper\" style=\"--awb-inner-bg-position:right top;--awb-inner-bg-repeat:repeat;--awb-width-large:80%;--awb-margin-top-large:50px;--awb-spacing-right-large:2.4%;--awb-margin-bottom-large:50px;--awb-spacing-left-large:2.4%;--awb-width-medium:80%;--awb-order-medium:0;--awb-spacing-right-medium:2.4%;--awb-spacing-left-medium:2.4%;--awb-width-small:100%;--awb-order-small:0;--awb-spacing-right-small:1.92%;--awb-spacing-left-small:1.92%;\" data-scroll-devices=\"small-visibility,medium-visibility,large-visibility\"><span class=\"fusion-column-inner-bg hover-type-none\"><a class=\"fusion-column-anchor\" href=\"https:\/\/youtu.be\/PFUCFXAkWec?autoplay=1&#038;vq=hd1080\" data-rel=\"iLightbox\"><span class=\"fusion-column-inner-bg-image\"><\/span><\/a><\/span><div class=\"fusion-column-wrapper fusion-column-has-shadow fusion-flex-justify-content-flex-start fusion-content-layout-column\"><i class=\"fb-icon-element-1 fb-icon-element fontawesome-icon awb-xsports-play-solid circle-yes\" style=\"--awb-iconcolor-hover:#ff9600;--awb-circlecolor:rgba(255,255,255,0.08);--awb-circlecolor-hover:rgba(255,255,255,0);--awb-circlebordercolor:#ffffff;--awb-circlebordercolor-hover:#ffffff;--awb-circlebordersize:2px;--awb-font-size:32px;--awb-width:96px;--awb-height:96px;--awb-line-height:92px;--awb-align-self:center;--awb-margin-top:0px;--awb-margin-right:0px;--awb-margin-bottom:30px;--awb-margin-left:0px;\"><\/i><div class=\"fusion-title title fusion-title-7 fusion-sep-none fusion-title-center fusion-title-text fusion-title-size-one\" style=\"--awb-text-color:#ff9600;--awb-margin-bottom:5px;\"><h1 class=\"fusion-title-heading title-heading-center fusion-responsive-typography-calculated\" style=\"margin:0;--fontSize:50;line-height:1.3;\">Sumate a la aventura<\/h1><\/div><div class=\"fusion-text fusion-text-4\" style=\"--awb-font-size:22px;--awb-text-color:var(--awb-color1);\"><p style=\"text-align: center;\">Aprovecha nuestras incre\u00edbles ofertas y paquetes. Crea tu propio recorrido especial para explorar la jungla, descubre las maravillas de la flora y la fauna en la belleza de la naturaleza y luego rel\u00e1jate en la comodidad de nuestro albergue.<\/p>\n<\/div><\/div><\/div><\/div><\/div><\/p>\n","protected":false},"excerpt":{"rendered":"","protected":false},"author":1,"featured_media":0,"parent":0,"menu_order":0,"comment_status":"closed","ping_status":"closed","template":"100-width.php","meta":{"footnotes":""},"class_list":["post-588","page","type-page","status-publish","hentry"],"yoast_head":"<!-- This site is optimized with the Yoast SEO plugin v26.6 - https:\/\/yoast.com\/wordpress\/plugins\/seo\/ -->\n<title>Nosotros - warayo<\/title>\n<meta name=\"robots\" content=\"index, follow, max-snippet:-1, max-image-preview:large, max-video-preview:-1\" \/>\n<link rel=\"canonical\" href=\"https:\/\/warayoexpeditions.com\/es\/nosotros\/\" \/>\n<meta property=\"og:locale\" content=\"es_ES\" \/>\n<meta property=\"og:type\" content=\"article\" \/>\n<meta property=\"og:title\" content=\"Nosotros - warayo\" \/>\n<meta property=\"og:url\" content=\"https:\/\/warayoexpeditions.com\/es\/nosotros\/\" \/>\n<meta property=\"og:site_name\" content=\"warayo\" \/>\n<meta property=\"article:modified_time\" content=\"2024-12-13T18:26:03+00:00\" \/>\n<meta name=\"twitter:card\" content=\"summary_large_image\" \/>\n<meta name=\"twitter:label1\" content=\"Tiempo de lectura\" \/>\n\t<meta name=\"twitter:data1\" content=\"27 minutos\" \/>\n<script type=\"application\/ld+json\" class=\"yoast-schema-graph\">{\"@context\":\"https:\/\/schema.org\",\"@graph\":[{\"@type\":\"WebPage\",\"@id\":\"https:\/\/warayoexpeditions.com\/es\/nosotros\/\",\"url\":\"https:\/\/warayoexpeditions.com\/es\/nosotros\/\",\"name\":\"Nosotros - warayo\",\"isPartOf\":{\"@id\":\"https:\/\/warayoexpeditions.com\/es\/#website\"},\"datePublished\":\"2021-09-23T11:40:45+00:00\",\"dateModified\":\"2024-12-13T18:26:03+00:00\",\"breadcrumb\":{\"@id\":\"https:\/\/warayoexpeditions.com\/es\/nosotros\/#breadcrumb\"},\"inLanguage\":\"es\",\"potentialAction\":[{\"@type\":\"ReadAction\",\"target\":[\"https:\/\/warayoexpeditions.com\/es\/nosotros\/\"]}]},{\"@type\":\"BreadcrumbList\",\"@id\":\"https:\/\/warayoexpeditions.com\/es\/nosotros\/#breadcrumb\",\"itemListElement\":[{\"@type\":\"ListItem\",\"position\":1,\"name\":\"Portada\",\"item\":\"https:\/\/warayoexpeditions.com\/es\/\"},{\"@type\":\"ListItem\",\"position\":2,\"name\":\"Nosotros\"}]},{\"@type\":\"WebSite\",\"@id\":\"https:\/\/warayoexpeditions.com\/es\/#website\",\"url\":\"https:\/\/warayoexpeditions.com\/es\/\",\"name\":\"warayo\",\"description\":\"Amazonian coexistence\",\"potentialAction\":[{\"@type\":\"SearchAction\",\"target\":{\"@type\":\"EntryPoint\",\"urlTemplate\":\"https:\/\/warayoexpeditions.com\/es\/?s={search_term_string}\"},\"query-input\":{\"@type\":\"PropertyValueSpecification\",\"valueRequired\":true,\"valueName\":\"search_term_string\"}}],\"inLanguage\":\"es\"}]}<\/script>\n<!-- \/ Yoast SEO plugin. -->","yoast_head_json":{"title":"Nosotros - warayo","robots":{"index":"index","follow":"follow","max-snippet":"max-snippet:-1","max-image-preview":"max-image-preview:large","max-video-preview":"max-video-preview:-1"},"canonical":"https:\/\/warayoexpeditions.com\/es\/nosotros\/","og_locale":"es_ES","og_type":"article","og_title":"Nosotros - warayo","og_url":"https:\/\/warayoexpeditions.com\/es\/nosotros\/","og_site_name":"warayo","article_modified_time":"2024-12-13T18:26:03+00:00","twitter_card":"summary_large_image","twitter_misc":{"Tiempo de lectura":"27 minutos"},"schema":{"@context":"https:\/\/schema.org","@graph":[{"@type":"WebPage","@id":"https:\/\/warayoexpeditions.com\/es\/nosotros\/","url":"https:\/\/warayoexpeditions.com\/es\/nosotros\/","name":"Nosotros - warayo","isPartOf":{"@id":"https:\/\/warayoexpeditions.com\/es\/#website"},"datePublished":"2021-09-23T11:40:45+00:00","dateModified":"2024-12-13T18:26:03+00:00","breadcrumb":{"@id":"https:\/\/warayoexpeditions.com\/es\/nosotros\/#breadcrumb"},"inLanguage":"es","potentialAction":[{"@type":"ReadAction","target":["https:\/\/warayoexpeditions.com\/es\/nosotros\/"]}]},{"@type":"BreadcrumbList","@id":"https:\/\/warayoexpeditions.com\/es\/nosotros\/#breadcrumb","itemListElement":[{"@type":"ListItem","position":1,"name":"Portada","item":"https:\/\/warayoexpeditions.com\/es\/"},{"@type":"ListItem","position":2,"name":"Nosotros"}]},{"@type":"WebSite","@id":"https:\/\/warayoexpeditions.com\/es\/#website","url":"https:\/\/warayoexpeditions.com\/es\/","name":"warayo","description":"Amazonian coexistence","potentialAction":[{"@type":"SearchAction","target":{"@type":"EntryPoint","urlTemplate":"https:\/\/warayoexpeditions.com\/es\/?s={search_term_string}"},"query-input":{"@type":"PropertyValueSpecification","valueRequired":true,"valueName":"search_term_string"}}],"inLanguage":"es"}]}},"_links":{"self":[{"href":"https:\/\/warayoexpeditions.com\/es\/wp-json\/wp\/v2\/pages\/588","targetHints":{"allow":["GET"]}}],"collection":[{"href":"https:\/\/warayoexpeditions.com\/es\/wp-json\/wp\/v2\/pages"}],"about":[{"href":"https:\/\/warayoexpeditions.com\/es\/wp-json\/wp\/v2\/types\/page"}],"author":[{"embeddable":true,"href":"https:\/\/warayoexpeditions.com\/es\/wp-json\/wp\/v2\/users\/1"}],"replies":[{"embeddable":true,"href":"https:\/\/warayoexpeditions.com\/es\/wp-json\/wp\/v2\/comments?post=588"}],"version-history":[{"count":37,"href":"https:\/\/warayoexpeditions.com\/es\/wp-json\/wp\/v2\/pages\/588\/revisions"}],"predecessor-version":[{"id":2574,"href":"https:\/\/warayoexpeditions.com\/es\/wp-json\/wp\/v2\/pages\/588\/revisions\/2574"}],"wp:attachment":[{"href":"https:\/\/warayoexpeditions.com\/es\/wp-json\/wp\/v2\/media?parent=588"}],"curies":[{"name":"wp","href":"https:\/\/api.w.org\/{rel}","templated":true}]}}